{"id":614,"date":"2021-01-17T15:15:43","date_gmt":"2021-01-17T14:15:43","guid":{"rendered":"https:\/\/mallorcacapital.com\/?page_id=614"},"modified":"2021-03-24T21:38:36","modified_gmt":"2021-03-24T20:38:36","slug":"legal-notice","status":"publish","type":"page","link":"https:\/\/mallorcacapital.com\/en\/legal-notice\/","title":{"rendered":"Legal Notice"},"content":{"rendered":"\n\n[et_pb_section fb_built=&#8221;1&#8243; _builder_version=&#8221;3.22&#8243;][et_pb_row _builder_version=&#8221;3.25&#8243; background_size=&#8221;initial&#8221; background_position=&#8221;top_left&#8221; background_repeat=&#8221;repeat&#8221;][et_pb_column type=&#8221;4_4&#8243; _builder_version=&#8221;3.25&#8243; custom_padding=&#8221;|||&#8221; custom_padding__hover=&#8221;|||&#8221;][et_pb_text _builder_version=&#8221;4.8.2&#8243; background_size=&#8221;initial&#8221; background_position=&#8221;top_left&#8221; background_repeat=&#8221;repeat&#8221; hover_enabled=&#8221;0&#8243; sticky_enabled=&#8221;0&#8243;]<p class=\"p1\"><strong>LEGAL NOTICE<\/strong><\/p>\n<p class=\"p2\"><\/p>\n<p class=\"p1\">In compliance with Ley 34\/2002, of 11 July, on Information Society Services and Online Commerce, the following are the identification details of the owner of the web site www.mallorcacapital.com:<\/p>\n<p>Mallorca Capital Assets Management.<br \/> <span class=\"s1\">Mallorca Capital Assets Management, S.L.<br \/> C\/ Rep\u00fablica Dominicana , 11<br \/> 07014 Palma de Mallorca<br \/> CIF: B-57981045<br \/> <\/span>Inscribed within the Companies Register of Palma de Mallorca.<\/p>\n<p>Please, contact us in case of any doubt or query at:<br \/> Phone:\u00a0+34 676322516\u00a0\u00a0\u00a0\u00a0\u00a0\u00a0\u00a0\u00a0\u00a0\u00a0\u00a0\u00a0\u00a0\u00a0\u00a0\u00a0\u00a0\u00a0\u00a0\u00a0\u00a0\u00a0\u00a0<\/p>\n<p class=\"p1\">e-mail:\u00a0info@mallorcacapital.com<\/p>\n<p>Access to this web site implies User\u2019s express acceptance of the General Conditions of Use and other criteria, which may at any time be accessed, and which may, at any time and without prior notice, be modified or replaced by the owner. It is therefore, strongly recommended for Users to read carefully the General Conditions and Instructions for Use.<\/p>\n<p><strong> 1.- General Conditions of Use.<\/strong><br \/> The following General Conditions shall apply to access and use of the web site\u00a0www.mallorcacapital.com, whose main purpose is that of offering an entry gate to MALLORCA CAPITAL, both internally and externally, and to offer information, products, services and on-line contents to Users.<\/p>\n<p>The User commits himself\/herself to make an appropriate and licit use of the contents, information and services offered at the web site. Accordingly, any and all illegal or illicit activities, as well as any and all activities against the law, bona fide and public order shall be strictly prohibited; in particular, it is hereby prohibited any activities aiming at supplanting the identities of any individual or company, as well as any activities aiming at interfering, altering or disconnecting the system, servers, networks or contents.<\/p>\n<p>MALLORCA CAPITAL shall take all available measures to prevent any kind of conduct contrary to the laws of Spain, and shall assist the competent authorities in the identification of the individuals responsible for any actions which may imply the violation of the laws applicable to this web site.<\/p>\n<p><strong>2.- Intellectual and Industrial Property.<\/strong><br \/> The contents, documents, images, brands and trade names, logos, charts, source code and design that form this web site are the property of MALLORCA CAPITAL or, where applicable, have been assigned to MALLORCA CAPITAL, or licensed to MALLORCA CAPITAL, and are duly protected under Spanish and international laws on Intellectual and Industrial Property.<\/p>\n<p>User hereby undertakes to make a diligent and appropriate use of the contents of the web site in accordance to the applicable laws, the moral and public order. MALLLORCA CAPITAL hereby authorizes User to view the information contained in this web site. User is not authorized to disseminate, modify, assign or publicly disclose in any way the information contained in this web site without prior written express authorization from MALLORCA CAPITAL.<\/p>\n<p>User is hereby expressly notified that MALLORCA CAPITAL does not grant license or authorization whatsoever on its intellectual and industrial property rights or on any other right or property connected with this web site, its contents and services.<\/p>\n<p><strong>3.- Links.<\/strong><br \/> Links to third parties web pages or web sites have been included solely as a utility for User. MALLORCA CAPITAL shall be, under no circumstances whatsoever, held responsible for these web pages or web sites and for the contents thereof.<\/p>\n<p>A written express authorization from MALLORCA CAPITAL shall be needed in order to include links to the web site\u00a0www.mallorcacapital.com.<\/p>\n<p>4.- Liabilities.<br \/> MALLORCA CAPITAL does not guarantee to User the availability, access or the continuity of the connection to this web site therefore, MALLORCA CAPITAL shall under no circumstances whatsoever be held responsible for any interruptions of service, malfunction or any other inconveniences arising from causes beyond the control of MALLORCA CAPITAL, such as third parties fraudulent or guilty actions or acts of God.<\/p>\n<p>In a similar way, MALLORCA CAPITAL shall not be liable for any damages suffered by Users computer systems arising from reasons beyond MALLORCA CAPITAL control or from the existence of computer virus in the Internet.<\/p>\n<p>MALLORCA CAPITAL does not accept any liability arising from User\u2019s use of the contents of this web site, and hereby reserves its right to modify, replace, update, renew, interrupt or prevent access to, or temporally suspend or indefinitely cancel any service, information or any other content.<\/p>\n<p>MALLORCA CAPITAL does not take part or assume any guarantee whatsoever regarding the contents, products and\/or services provided by third parties and accessible through hyperlinks or advertisements.<\/p>\n<p><strong>5.- Governing law.<\/strong><br \/> These General Conditions shall be governed by the existing laws of the Kingdom of Spain.<\/p>\n<p>Any controversy or conflict arising in the construction of or compliance with this Legal Notice shall be subject to the Courts and tribunals of Palma de Mallorca (Spain).<\/p>[\/et_pb_text][\/et_pb_column][\/et_pb_row][\/et_pb_section]\n\n","protected":false},"excerpt":{"rendered":"<p>LEGAL NOTICE In compliance with Ley 34\/2002, of 11 July, on Information Society Services and Online Commerce, the following are the identification details of the owner of the web site www.mallorcacapital.com: Mallorca Capital Assets Management. Mallorca Capital Assets Management, S.L. C\/ Rep\u00fablica Dominicana , 11 07014 Palma de Mallorca CIF: B-57981045 Inscribed within the Companies [&hellip;]<\/p>\n","protected":false},"author":1,"featured_media":0,"parent":0,"menu_order":0,"comment_status":"closed","ping_status":"open","template":"","meta":{"_et_pb_use_builder":"on","_et_pb_old_content":"[et_pb_section fb_built=\"1\" _builder_version=\"3.22\"][et_pb_row _builder_version=\"3.25\" background_size=\"initial\" background_position=\"top_left\" background_repeat=\"repeat\"][et_pb_column type=\"4_4\" _builder_version=\"3.25\" custom_padding=\"|||\" custom_padding__hover=\"|||\"][et_pb_text _builder_version=\"4.8.2\" background_size=\"initial\" background_position=\"top_left\" background_repeat=\"repeat\" hover_enabled=\"0\" sticky_enabled=\"0\"]\n\n<!-- divi:heading -->\n<p class=\"p1\"><span class=\"s1\"><b>Pol\u00edtica de privacidad<\/b><\/span><\/p>\n<p class=\"p3\">En cumplimiento de la Ley 34\/2002, de 11 de julio, de Servicios de la Sociedad de la Informaci\u00f3n y del Comercio Electr\u00f3nico, los datos identificativos del titular del Portal Web&nbsp;<a href=\"http:\/\/www.mallorcacapital.com\"><span class=\"s2\">www.mallorcacapital.com<\/span><\/a>&nbsp;son:<\/p>\n Mallorca Capital Assets Management, S.L.\nC\/ Rep\u00fablica Dominicana , 11\n07014 Palma de Mallorca\nCIF: B-57981045\nInscrita en el Registro Mercantil de Palma de Mallorca.\n\nPara cualquier duda o consulta, puede ponerse en contacto con nosotros a trav\u00e9s del\nTel.: 676322516&nbsp;&nbsp;&nbsp;&nbsp;&nbsp;&nbsp;&nbsp;&nbsp;&nbsp;&nbsp;&nbsp;&nbsp;&nbsp;&nbsp;&nbsp;&nbsp;&nbsp;&nbsp;&nbsp;&nbsp;&nbsp; e-mail:&nbsp;<a href=\"mailto:info@mallorcacapital.com\"><span class=\"s2\">info@mallorcacapital.com<\/span><\/a>\n\nEl acceso a este sitio Web supone la aceptaci\u00f3n expresa del Usuario a las presentes Condiciones Generales de Uso y criterios que est\u00e1n accesibles permanentemente, que podr\u00e1n ser modificadas o sustituidas por su titular en cualquier momento y sin previo aviso. Por ello, se recomienda al Usuario leer atentamente las Condiciones e Instrucciones.\n\n<b>1.- Condiciones Generales de Uso.<\/b>\nLas siguientes Condiciones Generales regulan el uso y acceso al portal Web&nbsp;<a href=\"http:\/\/www.mallorcacapital.com\"><span class=\"s2\">www.mallorcacapital.com<\/span><\/a>, cuya finalidad principal es ser puerta de entrada a MALLORCA CAPITAL, tanto de manera interna como externa, ofreciendo a los usuarios informaci\u00f3n, productos, servicios y contenidos v\u00eda Web.\n\nEl Usuario se compromete a hacer un uso adecuado, correcto y l\u00edcito de los contenidos, informaciones y servicios del presente sitio Web. Quedan, por ello, estrictamente prohibidas las actividades ilegales, il\u00edcitas o contrarias a la ley, la buena fe y el orden p\u00fablico; concretamente, queda prohibida toda actividad dirigida a suplantar la identidad de cualquier persona o entidad, as\u00ed como cualquier acci\u00f3n dirigida a interferir, alterar, desconectar el sistema, servidores, redes o contenidos.\n\nMALLORCA CAPITAL adoptar\u00e1 todas las medidas a su alcance para impedir cualquier tipo de conducta contraria a las Leyes Espa\u00f1olas y cooperar\u00e1 con las Autoridades competentes en la identificaci\u00f3n de los sujetos responsables de las acciones que puedan suponer violaciones de las leyes aplicables al presente sitio Web.\n\n<b>2.- Propiedad Intelectual e Industrial.<\/b>\nLos contenidos, documentaci\u00f3n, im\u00e1genes, marcas y nombres comerciales, logotipos, gr\u00e1ficos, c\u00f3digo fuente y dise\u00f1o que forman esta Web son propiedad de MALLORCA CAPITAL o, en su caso, han sido cedidos o son objeto de licencia a favor de MALLORCA CAPITAL, y se encuentran debidamente protegidos de conformidad con la normativa espa\u00f1ola e internacional sobre Propiedad Intelectual e Industrial.\n\nEl Usuario se obliga a usar los contenidos de forma diligente y correcta, de acuerdo a la ley, la moral y el orden p\u00fablico. MALLORCA CAPITAL autoriza al Usuario para visualizar la informaci\u00f3n que se contiene en este Portal. El Usuario no est\u00e1 autorizado para proceder a la distribuci\u00f3n, modificaci\u00f3n, cesi\u00f3n o comunicaci\u00f3n p\u00fablica de la informaci\u00f3n contenida en esta Web en cualquier forma y cualquiera que sea su finalidad, sin la autorizaci\u00f3n expresa y por escrito de MALLORCA CAPITAL.\n\nSe informa expresamente al Usuario que MALLORCA CAPITAL no concede ninguna licencia o autorizaci\u00f3n de uso de ninguna clase sobre sus derechos de propiedad industrial o intelectual o sobre cualquier derecho o propiedad relacionados con el presente sitio Web, sus contenidos y servicios.\n\n<b>3.- Enlaces.<\/b>\nLas conexiones y enlaces a sitios o p\u00e1ginas Web de terceros se han establecido \u00fanicamente como una utilidad para el Usuario. MALLORCA CAPITAL no es, en ning\u00fan caso, responsable de las mismas&nbsp; o de su contenido.\n\nPara realizar enlaces con la p\u00e1gina Web&nbsp;<a href=\"http:\/\/www.mallorcacapital.com\"><span class=\"s2\">www.mallorcacapital.com<\/span><\/a>&nbsp;ser\u00e1 necesaria la autorizaci\u00f3n expresa y por escrito de MALLORCA CAPITAL.\n\n<b>4.- Responsabilidad.<\/b>\nMALLORCA CAPITAL no garantiza al Usuario la disponibilidad, acceso o continuidad en la conexi\u00f3n al presente sitio Web; por tanto, MALLORCA CAPITAL en ning\u00fan momento ser\u00e1 responsable en caso de que existan interrupciones en el servicio, mal funcionamiento o se produzcan inconvenientes que tengan su origen en causas que escapan a su control, tales como actuaciones dolosas o culposas de terceros o supuestos de fuerza mayor.\n\nAsimismo, MALLORCA CAPITAL no se hace responsable de los da\u00f1os ocasionados en los sistemas inform\u00e1ticos de los Usuarios por causas ajenas a su voluntad, ni de aquellos que sean producidos por la existencia de virus inform\u00e1ticos en Internet.\n\nMALLORCA CAPITAL no asume ninguna responsabilidad derivada de la utilizaci\u00f3n por parte del Usuario de los contenidos del presente sitio Web, reserv\u00e1ndose el derecho a modificar, sustituir, actualizar, renovar, interrumpir, impedir el acceso, suspender temporalmente o cancelar con car\u00e1cter indefinido cualquier servicio, suministro de informaci\u00f3n o cualquier otro contenido.\n\nMALLORCA CAPITAL no interviene, participa, ni asume garant\u00eda alguna con relaci\u00f3n a los contenidos, productos y\/o servicios&nbsp; ofrecidos por terceros proveedores accesibles mediante hiperenlaces o marcos publicitarios.\n\n<b>5.- Jurisdicci\u00f3n.<\/b>\nLas presentes Condiciones Generales quedan sometidas a la Legislaci\u00f3n vigente en el Reino de Espa\u00f1a. En caso de controversia o conflicto que pueda derivarse de la interpretaci\u00f3n o cumplimiento del presente Aviso Legal, las mismas ser\u00e1n resueltas ante los Tribunales y Juzgados de Palma de Mallorca (Espa\u00f1a).\n\n<!-- \/divi:heading -->\n\n[\/et_pb_text][\/et_pb_column][\/et_pb_row][\/et_pb_section]","_et_gb_content_width":"","footnotes":""},"class_list":["post-614","page","type-page","status-publish","hentry"],"yoast_head":"<!-- This site is optimized with the Yoast SEO plugin v21.6 - https:\/\/yoast.com\/wordpress\/plugins\/seo\/ -->\n<title>Legal Notice - Mallorca Capital<\/title>\n<meta name=\"description\" content=\"LEGAL NOTICE In compliance with Ley 34\/2002, of 11 July, on Information Society Services and Online Commerce, the following are the identification details of the owner of the web site www.mallorcacapital.com: Mallorca Capital Assets Management. Mallo\" \/>\n<meta name=\"robots\" content=\"index, follow, max-snippet:-1, max-image-preview:large, max-video-preview:-1\" \/>\n<link rel=\"canonical\" href=\"https:\/\/mallorcacapital.com\/en\/politica-privacidad\/\" \/>\n<meta property=\"og:locale\" content=\"en_US\" \/>\n<meta property=\"og:type\" content=\"article\" \/>\n<meta property=\"og:title\" content=\"Legal Notice - Mallorca Capital\" \/>\n<meta property=\"og:description\" content=\"LEGAL NOTICE In compliance with Ley 34\/2002, of 11 July, on Information Society Services and Online Commerce, the following are the identification details of the owner of the web site www.mallorcacapital.com: Mallorca Capital Assets Management. Mallorca Capital Assets Management, S.L. C\/ Rep\u00fablica Dominicana , 11 07014 Palma de Mallorca CIF: B-57981045 Inscribed within the Companies [&hellip;]\" \/>\n<meta property=\"og:url\" content=\"https:\/\/mallorcacapital.com\/politica-privacidad\/\" \/>\n<meta property=\"og:site_name\" content=\"Mallorca Capital\" \/>\n<meta property=\"article:modified_time\" content=\"2021-03-24T20:38:36+00:00\" \/>\n<meta name=\"twitter:card\" content=\"summary_large_image\" \/>\n<meta name=\"twitter:label1\" content=\"Est. reading time\" \/>\n\t<meta name=\"twitter:data1\" content=\"4 minutes\" \/>\n<script type=\"application\/ld+json\" class=\"yoast-schema-graph\">{\"@context\":\"https:\/\/schema.org\",\"@graph\":[{\"@type\":\"WebPage\",\"@id\":\"https:\/\/mallorcacapital.com\/politica-privacidad\/\",\"url\":\"https:\/\/mallorcacapital.com\/politica-privacidad\/\",\"name\":\"Legal Notice - Mallorca Capital\",\"isPartOf\":{\"@id\":\"https:\/\/mallorcacapital.com\/#website\"},\"datePublished\":\"2021-01-17T14:15:43+00:00\",\"dateModified\":\"2021-03-24T20:38:36+00:00\",\"breadcrumb\":{\"@id\":\"https:\/\/mallorcacapital.com\/politica-privacidad\/#breadcrumb\"},\"inLanguage\":\"en-US\",\"potentialAction\":[{\"@type\":\"ReadAction\",\"target\":[\"https:\/\/mallorcacapital.com\/politica-privacidad\/\"]}]},{\"@type\":\"BreadcrumbList\",\"@id\":\"https:\/\/mallorcacapital.com\/politica-privacidad\/#breadcrumb\",\"itemListElement\":[{\"@type\":\"ListItem\",\"position\":1,\"name\":\"Portada\",\"item\":\"https:\/\/mallorcacapital.com\/en\/\"},{\"@type\":\"ListItem\",\"position\":2,\"name\":\"Legal Notice\"}]},{\"@type\":\"WebSite\",\"@id\":\"https:\/\/mallorcacapital.com\/#website\",\"url\":\"https:\/\/mallorcacapital.com\/\",\"name\":\"Mallorca Capital\",\"description\":\"Complete Investment Solutions\",\"potentialAction\":[{\"@type\":\"SearchAction\",\"target\":{\"@type\":\"EntryPoint\",\"urlTemplate\":\"https:\/\/mallorcacapital.com\/?s={search_term_string}\"},\"query-input\":\"required name=search_term_string\"}],\"inLanguage\":\"en-US\"}]}<\/script>\n<!-- \/ Yoast SEO plugin. -->","yoast_head_json":{"title":"Legal Notice - Mallorca Capital","description":"LEGAL NOTICE In compliance with Ley 34\/2002, of 11 July, on Information Society Services and Online Commerce, the following are the identification details of the owner of the web site www.mallorcacapital.com: Mallorca Capital Assets Management. Mallo","robots":{"index":"index","follow":"follow","max-snippet":"max-snippet:-1","max-image-preview":"max-image-preview:large","max-video-preview":"max-video-preview:-1"},"canonical":"https:\/\/mallorcacapital.com\/en\/politica-privacidad\/","og_locale":"en_US","og_type":"article","og_title":"Legal Notice - Mallorca Capital","og_description":"LEGAL NOTICE In compliance with Ley 34\/2002, of 11 July, on Information Society Services and Online Commerce, the following are the identification details of the owner of the web site www.mallorcacapital.com: Mallorca Capital Assets Management. Mallorca Capital Assets Management, S.L. C\/ Rep\u00fablica Dominicana , 11 07014 Palma de Mallorca CIF: B-57981045 Inscribed within the Companies [&hellip;]","og_url":"https:\/\/mallorcacapital.com\/politica-privacidad\/","og_site_name":"Mallorca Capital","article_modified_time":"2021-03-24T20:38:36+00:00","twitter_card":"summary_large_image","twitter_misc":{"Est. reading time":"4 minutes"},"schema":{"@context":"https:\/\/schema.org","@graph":[{"@type":"WebPage","@id":"https:\/\/mallorcacapital.com\/politica-privacidad\/","url":"https:\/\/mallorcacapital.com\/politica-privacidad\/","name":"Legal Notice - Mallorca Capital","isPartOf":{"@id":"https:\/\/mallorcacapital.com\/#website"},"datePublished":"2021-01-17T14:15:43+00:00","dateModified":"2021-03-24T20:38:36+00:00","breadcrumb":{"@id":"https:\/\/mallorcacapital.com\/politica-privacidad\/#breadcrumb"},"inLanguage":"en-US","potentialAction":[{"@type":"ReadAction","target":["https:\/\/mallorcacapital.com\/politica-privacidad\/"]}]},{"@type":"BreadcrumbList","@id":"https:\/\/mallorcacapital.com\/politica-privacidad\/#breadcrumb","itemListElement":[{"@type":"ListItem","position":1,"name":"Portada","item":"https:\/\/mallorcacapital.com\/en\/"},{"@type":"ListItem","position":2,"name":"Legal Notice"}]},{"@type":"WebSite","@id":"https:\/\/mallorcacapital.com\/#website","url":"https:\/\/mallorcacapital.com\/","name":"Mallorca Capital","description":"Complete Investment Solutions","potentialAction":[{"@type":"SearchAction","target":{"@type":"EntryPoint","urlTemplate":"https:\/\/mallorcacapital.com\/?s={search_term_string}"},"query-input":"required name=search_term_string"}],"inLanguage":"en-US"}]}},"_links":{"self":[{"href":"https:\/\/mallorcacapital.com\/en\/wp-json\/wp\/v2\/pages\/614","targetHints":{"allow":["GET"]}}],"collection":[{"href":"https:\/\/mallorcacapital.com\/en\/wp-json\/wp\/v2\/pages"}],"about":[{"href":"https:\/\/mallorcacapital.com\/en\/wp-json\/wp\/v2\/types\/page"}],"author":[{"embeddable":true,"href":"https:\/\/mallorcacapital.com\/en\/wp-json\/wp\/v2\/users\/1"}],"replies":[{"embeddable":true,"href":"https:\/\/mallorcacapital.com\/en\/wp-json\/wp\/v2\/comments?post=614"}],"version-history":[{"count":3,"href":"https:\/\/mallorcacapital.com\/en\/wp-json\/wp\/v2\/pages\/614\/revisions"}],"predecessor-version":[{"id":625,"href":"https:\/\/mallorcacapital.com\/en\/wp-json\/wp\/v2\/pages\/614\/revisions\/625"}],"wp:attachment":[{"href":"https:\/\/mallorcacapital.com\/en\/wp-json\/wp\/v2\/media?parent=614"}],"curies":[{"name":"wp","href":"https:\/\/api.w.org\/{rel}","templated":true}]}}